{"id":256,"date":"2026-03-17T04:01:14","date_gmt":"2026-03-17T01:01:14","guid":{"rendered":"https:\/\/www.zirvedemo.com\/zirveeticaret\/?page_id=256"},"modified":"2026-03-18T06:29:38","modified_gmt":"2026-03-18T03:29:38","slug":"iade-formu","status":"publish","type":"page","link":"https:\/\/www.zirvedemo.com\/zirveeticaret\/iade-formu\/","title":{"rendered":"\u0130ade Formu"},"content":{"rendered":"<p>\u0130ade talebinizi a\u015fa\u011f\u0131daki formu doldurarak bize iletebilirsiniz.<\/p>\n","protected":false},"excerpt":{"rendered":"<p>\u0130ade talebinizi a\u015fa\u011f\u0131daki formu doldurarak bize iletebilirsiniz.<\/p>\n","protected":false},"author":1,"featured_media":0,"parent":0,"menu_order":0,"comment_status":"closed","ping_status":"closed","template":"page-iadeformu.php","meta":{"footnotes":""},"class_list":["post-256","page","type-page","status-publish","hentry"],"_links":{"self":[{"href":"https:\/\/www.zirvedemo.com\/zirveeticaret\/wp-json\/wp\/v2\/pages\/256","targetHints":{"allow":["GET"]}}],"collection":[{"href":"https:\/\/www.zirvedemo.com\/zirveeticaret\/wp-json\/wp\/v2\/pages"}],"about":[{"href":"https:\/\/www.zirvedemo.com\/zirveeticaret\/wp-json\/wp\/v2\/types\/page"}],"author":[{"embeddable":true,"href":"https:\/\/www.zirvedemo.com\/zirveeticaret\/wp-json\/wp\/v2\/users\/1"}],"replies":[{"embeddable":true,"href":"https:\/\/www.zirvedemo.com\/zirveeticaret\/wp-json\/wp\/v2\/comments?post=256"}],"version-history":[{"count":2,"href":"https:\/\/www.zirvedemo.com\/zirveeticaret\/wp-json\/wp\/v2\/pages\/256\/revisions"}],"predecessor-version":[{"id":259,"href":"https:\/\/www.zirvedemo.com\/zirveeticaret\/wp-json\/wp\/v2\/pages\/256\/revisions\/259"}],"wp:attachment":[{"href":"https:\/\/www.zirvedemo.com\/zirveeticaret\/wp-json\/wp\/v2\/media?parent=256"}],"curies":[{"name":"wp","href":"https:\/\/api.w.org\/{rel}","templated":true}]}}