{"id":253,"date":"2026-03-17T02:09:45","date_gmt":"2026-03-16T23:09:45","guid":{"rendered":"https:\/\/www.zirvedemo.com\/zirveeticaret\/?page_id=253"},"modified":"2026-03-26T12:46:40","modified_gmt":"2026-03-26T09:46:40","slug":"iletisim","status":"publish","type":"page","link":"https:\/\/www.zirvedemo.com\/zirveeticaret\/iletisim\/","title":{"rendered":"\u0130leti\u015fim"},"content":{"rendered":"<p>Sorular\u0131n\u0131z, talepleriniz ve i\u015f birli\u011fi \u00f6nerileriniz i\u00e7in bizimle diledi\u011finiz zaman ileti\u015fime ge\u00e7ebilirsiniz. Size en k\u0131sa s\u00fcrede d\u00f6n\u00fc\u015f yapabilmek i\u00e7in mesajlar\u0131n\u0131z\u0131 dikkatle inceliyor, ihtiya\u00e7lar\u0131n\u0131za uygun \u00e7\u00f6z\u00fcmler sunmaya \u00f6zen g\u00f6steriyoruz. \u00dcr\u00fcnlerimiz ve hizmetlerimiz hakk\u0131nda detayl\u0131 bilgi almak i\u00e7in ileti\u015fim kanallar\u0131m\u0131zdan bize kolayca ula\u015fabilirsiniz. Memnuniyetiniz bizim i\u00e7in her zaman \u00f6nceliktir.<\/p>\n","protected":false},"excerpt":{"rendered":"<p>Sorular\u0131n\u0131z, talepleriniz ve i\u015f birli\u011fi \u00f6nerileriniz i\u00e7in bizimle diledi\u011finiz zaman ileti\u015fime ge\u00e7ebilirsiniz. Size en k\u0131sa s\u00fcrede d\u00f6n\u00fc\u015f yapabilmek i\u00e7in mesajlar\u0131n\u0131z\u0131 dikkatle inceliyor, ihtiya\u00e7lar\u0131n\u0131za uygun \u00e7\u00f6z\u00fcmler sunmaya \u00f6zen g\u00f6steriyoruz. \u00dcr\u00fcnlerimiz ve hizmetlerimiz hakk\u0131nda detayl\u0131 bilgi almak i\u00e7in ileti\u015fim kanallar\u0131m\u0131zdan bize kolayca ula\u015fabilirsiniz. Memnuniyetiniz bizim i\u00e7in her zaman \u00f6nceliktir.<\/p>\n","protected":false},"author":1,"featured_media":0,"parent":0,"menu_order":0,"comment_status":"closed","ping_status":"closed","template":"page-iletisim.php","meta":{"footnotes":""},"class_list":["post-253","page","type-page","status-publish","hentry"],"_links":{"self":[{"href":"https:\/\/www.zirvedemo.com\/zirveeticaret\/wp-json\/wp\/v2\/pages\/253","targetHints":{"allow":["GET"]}}],"collection":[{"href":"https:\/\/www.zirvedemo.com\/zirveeticaret\/wp-json\/wp\/v2\/pages"}],"about":[{"href":"https:\/\/www.zirvedemo.com\/zirveeticaret\/wp-json\/wp\/v2\/types\/page"}],"author":[{"embeddable":true,"href":"https:\/\/www.zirvedemo.com\/zirveeticaret\/wp-json\/wp\/v2\/users\/1"}],"replies":[{"embeddable":true,"href":"https:\/\/www.zirvedemo.com\/zirveeticaret\/wp-json\/wp\/v2\/comments?post=253"}],"version-history":[{"count":4,"href":"https:\/\/www.zirvedemo.com\/zirveeticaret\/wp-json\/wp\/v2\/pages\/253\/revisions"}],"predecessor-version":[{"id":268,"href":"https:\/\/www.zirvedemo.com\/zirveeticaret\/wp-json\/wp\/v2\/pages\/253\/revisions\/268"}],"wp:attachment":[{"href":"https:\/\/www.zirvedemo.com\/zirveeticaret\/wp-json\/wp\/v2\/media?parent=253"}],"curies":[{"name":"wp","href":"https:\/\/api.w.org\/{rel}","templated":true}]}}