{"id":110,"date":"2025-04-21T22:26:01","date_gmt":"2025-04-21T19:26:01","guid":{"rendered":"https:\/\/www.zirvedemo.com\/zirvedernek\/?page_id=110"},"modified":"2025-04-28T23:31:24","modified_gmt":"2025-04-28T20:31:24","slug":"baskan-hakkinda","status":"publish","type":"page","link":"https:\/\/www.zirvedemo.com\/zirvedernek\/baskan-hakkinda\/","title":{"rendered":"Ba\u015fkan Hakk\u0131nda"},"content":{"rendered":"<p class=\"\" data-start=\"156\" data-end=\"428\">[Ad Soyad], sosyal sorumluluk bilinciyle hareket eden, topluma fayda sa\u011flama hedefiyle uzun y\u0131llard\u0131r sivil toplum alan\u0131nda aktif rol alan bir g\u00f6n\u00fcll\u00fcd\u00fcr. E\u011fitim, dayan\u0131\u015fma, \u00e7evre bilinci ve gen\u00e7lik projelerinde liderlik yapm\u0131\u015f; bir\u00e7ok sosyal projeye \u00f6nc\u00fcl\u00fck etmi\u015ftir.<\/p>\n<p class=\"\" data-start=\"430\" data-end=\"741\">Zirve Derne\u011fi&#8217;nin kurucu ba\u015fkan\u0131 olan [Ad Soyad], bireylerin birlikte daha g\u00fc\u00e7l\u00fc oldu\u011funa inanarak g\u00f6n\u00fcll\u00fcl\u00fc\u011f\u00fc te\u015fvik eden \u00e7al\u0131\u015fmalara imza atm\u0131\u015ft\u0131r. \u015eeffafl\u0131k, g\u00fcven ve s\u00fcrd\u00fcr\u00fclebilirlik ilkeleriyle dernek faaliyetlerini y\u00f6neten Ba\u015fkan, toplumsal de\u011fi\u015fim i\u00e7in herkesin katk\u0131s\u0131n\u0131n de\u011ferli oldu\u011funa inanmaktad\u0131r.<\/p>\n<p class=\"\" data-start=\"743\" data-end=\"903\">Hayat\u0131n\u0131 insanlar\u0131n ya\u015fam\u0131na dokunmaya adayan [Ad Soyad], halen aktif olarak dernek projelerinin planlanmas\u0131, y\u00fcr\u00fct\u00fclmesi ve geli\u015ftirilmesinde g\u00f6rev almaktad\u0131r.<\/p>\n","protected":false},"excerpt":{"rendered":"<p>[Ad Soyad], sosyal sorumluluk bilinciyle hareket eden, topluma fayda sa\u011flama hedefiyle uzun y\u0131llard\u0131r sivil toplum alan\u0131nda aktif rol alan bir g\u00f6n\u00fcll\u00fcd\u00fcr. E\u011fitim, dayan\u0131\u015fma, \u00e7evre bilinci ve gen\u00e7lik projelerinde liderlik yapm\u0131\u015f; bir\u00e7ok sosyal projeye \u00f6nc\u00fcl\u00fck etmi\u015ftir. Zirve Derne\u011fi&#8217;nin kurucu ba\u015fkan\u0131 olan [Ad Soyad], bireylerin birlikte daha g\u00fc\u00e7l\u00fc oldu\u011funa inanarak g\u00f6n\u00fcll\u00fcl\u00fc\u011f\u00fc te\u015fvik eden \u00e7al\u0131\u015fmalara imza atm\u0131\u015ft\u0131r. \u015eeffafl\u0131k, [&hellip;]<\/p>\n","protected":false},"author":1,"featured_media":0,"parent":0,"menu_order":0,"comment_status":"closed","ping_status":"closed","template":"","meta":{"footnotes":""},"class_list":["post-110","page","type-page","status-publish","hentry"],"_links":{"self":[{"href":"https:\/\/www.zirvedemo.com\/zirvedernek\/wp-json\/wp\/v2\/pages\/110","targetHints":{"allow":["GET"]}}],"collection":[{"href":"https:\/\/www.zirvedemo.com\/zirvedernek\/wp-json\/wp\/v2\/pages"}],"about":[{"href":"https:\/\/www.zirvedemo.com\/zirvedernek\/wp-json\/wp\/v2\/types\/page"}],"author":[{"embeddable":true,"href":"https:\/\/www.zirvedemo.com\/zirvedernek\/wp-json\/wp\/v2\/users\/1"}],"replies":[{"embeddable":true,"href":"https:\/\/www.zirvedemo.com\/zirvedernek\/wp-json\/wp\/v2\/comments?post=110"}],"version-history":[{"count":3,"href":"https:\/\/www.zirvedemo.com\/zirvedernek\/wp-json\/wp\/v2\/pages\/110\/revisions"}],"predecessor-version":[{"id":114,"href":"https:\/\/www.zirvedemo.com\/zirvedernek\/wp-json\/wp\/v2\/pages\/110\/revisions\/114"}],"wp:attachment":[{"href":"https:\/\/www.zirvedemo.com\/zirvedernek\/wp-json\/wp\/v2\/media?parent=110"}],"curies":[{"name":"wp","href":"https:\/\/api.w.org\/{rel}","templated":true}]}}