{"id":108,"date":"2025-04-21T22:25:50","date_gmt":"2025-04-21T19:25:50","guid":{"rendered":"https:\/\/www.zirvedemo.com\/zirvedernek\/?page_id=108"},"modified":"2025-04-21T22:26:26","modified_gmt":"2025-04-21T19:26:26","slug":"baskanin-mesaji","status":"publish","type":"page","link":"https:\/\/www.zirvedemo.com\/zirvedernek\/baskanin-mesaji\/","title":{"rendered":"Ba\u015fkan\u0131n Mesaj\u0131"},"content":{"rendered":"<h3 data-start=\"182\" data-end=\"229\">Sevgili \u00fcyelerimiz ve k\u0131ymetli destek\u00e7ilerimiz,<\/h3>\n<p class=\"\" data-start=\"231\" data-end=\"509\">Zirve Derne\u011fi&#8217;nin kurucu ba\u015fkan\u0131 olarak, bu yolculu\u011fa \u00e7\u0131karken tek bir hayalimiz vard\u0131: Dayan\u0131\u015fman\u0131n g\u00fcc\u00fcn\u00fc herkese hissettirebilmek. Bug\u00fcn geldi\u011fimiz noktada, sizlerin katk\u0131lar\u0131yla binlerce hayat\u0131 g\u00fczelle\u015ftirdi\u011fimizi g\u00f6rmek, bize ne kadar do\u011fru bir yolda oldu\u011fumuzu g\u00f6steriyor.<\/p>\n<p class=\"\" data-start=\"511\" data-end=\"758\">\u0130nan\u0131yorum ki k\u00fc\u00e7\u00fck bir iyilik, b\u00fcy\u00fck de\u011fi\u015fimlerin ba\u015flang\u0131c\u0131d\u0131r. Bu y\u00fczden e\u011fitimden \u00e7evreye, insani yard\u0131mlardan k\u00fclt\u00fcrel etkinliklere kadar her ad\u0131mda birlikte ilerliyoruz. Her g\u00f6n\u00fcll\u00fcm\u00fcz, her ba\u011f\u0131\u015f\u00e7\u0131m\u0131z bu b\u00fcy\u00fck ailenin de\u011ferli bir par\u00e7as\u0131d\u0131r.<\/p>\n<p class=\"\" data-start=\"760\" data-end=\"926\">Gelecekte daha fazla ki\u015fiye ula\u015fmak, daha kal\u0131c\u0131 projelere imza atmak i\u00e7in \u00e7al\u0131\u015fmaya devam edece\u011fiz. Zirve Derne\u011fi\u2019nin bir par\u00e7as\u0131 oldu\u011funuz i\u00e7in sizlere minnettar\u0131m.<\/p>\n<p class=\"\" data-start=\"928\" data-end=\"991\">Sevgi ve sayg\u0131lar\u0131mla,<\/p>\n","protected":false},"excerpt":{"rendered":"<p>Sevgili \u00fcyelerimiz ve k\u0131ymetli destek\u00e7ilerimiz, Zirve Derne\u011fi&#8217;nin kurucu ba\u015fkan\u0131 olarak, bu yolculu\u011fa \u00e7\u0131karken tek bir hayalimiz vard\u0131: Dayan\u0131\u015fman\u0131n g\u00fcc\u00fcn\u00fc herkese hissettirebilmek. Bug\u00fcn geldi\u011fimiz noktada, sizlerin katk\u0131lar\u0131yla binlerce hayat\u0131 g\u00fczelle\u015ftirdi\u011fimizi g\u00f6rmek, bize ne kadar do\u011fru bir yolda oldu\u011fumuzu g\u00f6steriyor. \u0130nan\u0131yorum ki k\u00fc\u00e7\u00fck bir iyilik, b\u00fcy\u00fck de\u011fi\u015fimlerin ba\u015flang\u0131c\u0131d\u0131r. Bu y\u00fczden e\u011fitimden \u00e7evreye, insani yard\u0131mlardan k\u00fclt\u00fcrel etkinliklere kadar [&hellip;]<\/p>\n","protected":false},"author":1,"featured_media":0,"parent":0,"menu_order":0,"comment_status":"closed","ping_status":"closed","template":"","meta":{"footnotes":""},"class_list":["post-108","page","type-page","status-publish","hentry"],"_links":{"self":[{"href":"https:\/\/www.zirvedemo.com\/zirvedernek\/wp-json\/wp\/v2\/pages\/108","targetHints":{"allow":["GET"]}}],"collection":[{"href":"https:\/\/www.zirvedemo.com\/zirvedernek\/wp-json\/wp\/v2\/pages"}],"about":[{"href":"https:\/\/www.zirvedemo.com\/zirvedernek\/wp-json\/wp\/v2\/types\/page"}],"author":[{"embeddable":true,"href":"https:\/\/www.zirvedemo.com\/zirvedernek\/wp-json\/wp\/v2\/users\/1"}],"replies":[{"embeddable":true,"href":"https:\/\/www.zirvedemo.com\/zirvedernek\/wp-json\/wp\/v2\/comments?post=108"}],"version-history":[{"count":2,"href":"https:\/\/www.zirvedemo.com\/zirvedernek\/wp-json\/wp\/v2\/pages\/108\/revisions"}],"predecessor-version":[{"id":113,"href":"https:\/\/www.zirvedemo.com\/zirvedernek\/wp-json\/wp\/v2\/pages\/108\/revisions\/113"}],"wp:attachment":[{"href":"https:\/\/www.zirvedemo.com\/zirvedernek\/wp-json\/wp\/v2\/media?parent=108"}],"curies":[{"name":"wp","href":"https:\/\/api.w.org\/{rel}","templated":true}]}}